{"id":3,"date":"2025-06-25T09:04:08","date_gmt":"2025-06-25T07:04:08","guid":{"rendered":"https:\/\/anelya-nutrition.com\/?page_id=3"},"modified":"2025-07-08T11:54:58","modified_gmt":"2025-07-08T09:54:58","slug":"politique-de-confidentialite","status":"publish","type":"page","link":"https:\/\/anelya-nutrition.com\/en\/politique-de-confidentialite\/","title":{"rendered":"Privacy Policy"},"content":{"rendered":"<style>.kb-row-layout-id3_3ea64f-6b > .kt-row-column-wrap{align-content:start;}:where(.kb-row-layout-id3_3ea64f-6b > .kt-row-column-wrap) > .wp-block-kadence-column{justify-content:start;}.kb-row-layout-id3_3ea64f-6b > .kt-row-column-wrap{column-gap:var(--global-kb-gap-md, 2rem);row-gap:var(--global-kb-gap-md, 2rem);padding-top:10px;padding-right:30px;padding-bottom:10px;padding-left:30px;grid-template-columns:minmax(0, 1fr);}.kb-row-layout-id3_3ea64f-6b > .kt-row-layout-overlay{opacity:0.30;}@media all and (max-width: 1024px){.kb-row-layout-id3_3ea64f-6b > .kt-row-column-wrap{grid-template-columns:minmax(0, 1fr);}}@media all and (max-width: 767px){.kb-row-layout-id3_3ea64f-6b > .kt-row-column-wrap{grid-template-columns:minmax(0, 1fr);}}<\/style><div class=\"kb-row-layout-wrap kb-row-layout-id3_3ea64f-6b alignnone wp-block-kadence-rowlayout\"><div class=\"kt-row-column-wrap kt-has-1-columns kt-row-layout-equal kt-tab-layout-inherit kt-mobile-layout-row kt-row-valign-top\">\n<style>.kadence-column3_9099b4-53 > .kt-inside-inner-col,.kadence-column3_9099b4-53 > .kt-inside-inner-col:before{border-top-left-radius:0px;border-top-right-radius:0px;border-bottom-right-radius:0px;border-bottom-left-radius:0px;}.kadence-column3_9099b4-53 > .kt-inside-inner-col{column-gap:var(--global-kb-gap-sm, 1rem);}.kadence-column3_9099b4-53 > .kt-inside-inner-col{flex-direction:column;}.kadence-column3_9099b4-53 > .kt-inside-inner-col > .aligncenter{width:100%;}.kadence-column3_9099b4-53 > .kt-inside-inner-col:before{opacity:0.3;}.kadence-column3_9099b4-53{position:relative;}@media all and (max-width: 1024px){.kadence-column3_9099b4-53 > .kt-inside-inner-col{flex-direction:column;justify-content:center;}}@media all and (max-width: 767px){.kadence-column3_9099b4-53 > .kt-inside-inner-col{flex-direction:column;justify-content:center;}}<\/style>\n<div class=\"wp-block-kadence-column kadence-column3_9099b4-53\"><div class=\"kt-inside-inner-col\">\n<h3 class=\"wp-block-heading\">1. Data Controller<\/h3>\n\n\n\n<p class=\"translation-block\">The website An\u00e9lya Nutrition is managed by Annie Phongsavath, the data controller for the personal data collected through this site.<\/p>\n\n\n\n<hr class=\"wp-block-separator has-alpha-channel-opacity is-style-default\"\/>\n\n\n\n<h3 class=\"wp-block-heading\">2. Data Collected<\/h3>\n\n\n\n<p>When you fill out a contact form on the website, the following information may be collected:<\/p>\n\n\n\n<ul class=\"wp-block-list\">\n<li>Your first and last name<\/li>\n\n\n\n<li>Your email address<\/li>\n\n\n\n<li>Your phone number (if provided)<\/li>\n\n\n\n<li>Your message<\/li>\n<\/ul>\n\n\n\n<p class=\"translation-block\">These data are <strong>only used to respond to your request<\/strong>.<\/p>\n\n\n\n<hr class=\"wp-block-separator has-alpha-channel-opacity\"\/>\n\n\n\n<h3 class=\"wp-block-heading\">3. Use of your personal data<\/h3>\n\n\n\n<p>Your personal data is used only for:<\/p>\n\n\n\n<ul class=\"wp-block-list\">\n<li>Contacting you in response to your message<\/li>\n\n\n\n<li>Ensuring the proper functioning of the service<\/li>\n<\/ul>\n\n\n\n<p class=\"translation-block\">They are <strong>never shared with third parties<\/strong>.<\/p>\n\n\n\n<hr class=\"wp-block-separator has-alpha-channel-opacity\"\/>\n\n\n\n<h3 class=\"wp-block-heading\">4. Data Retention<\/h3>\n\n\n\n<p class=\"translation-block\">The data is kept for a maximum period of <strong>1 year<\/strong> after the last contact, unless there is a legal obligation to retain it for a longer period.<\/p>\n\n\n\n<hr class=\"wp-block-separator has-alpha-channel-opacity\"\/>\n\n\n\n<h3 class=\"wp-block-heading\">5. Your Rights<\/h3>\n\n\n\n<p>Under the General Data Protection Regulation (GDPR), you have the following rights:<\/p>\n\n\n\n<ul class=\"wp-block-list\">\n<li>Right to access your data<\/li>\n\n\n\n<li>Right to rectify or delete your data<\/li>\n\n\n\n<li>Right to object to or restrict the processing of your data<\/li>\n<\/ul>\n\n\n\n<p class=\"translation-block\">To exercise your rights, you can write to :<br>\ud83d\udce7 contact@anelya-nutrition.com<br>\ud83d\udccd Or by mail to : Centre Neuro Seujet, Quai du Seujet 30 \u2013 1201 Geneva<\/p>\n\n\n\n<hr class=\"wp-block-separator has-alpha-channel-opacity\"\/>\n\n\n\n<h3 class=\"wp-block-heading\">6. Security<\/h3>\n\n\n\n<p>Your data is stored securely and is only accessible to authorized personnel.<\/p>\n\n\n\n<hr class=\"wp-block-separator has-alpha-channel-opacity\"\/>\n\n\n\n<h3 class=\"wp-block-heading\">7. Cookies<\/h3>\n\n\n\n<p class=\"translation-block\">This site may use cookies for navigation or audience measurement purposes.<br>You can manage them through your browser.<\/p>\n\n\n\n<hr class=\"wp-block-separator has-alpha-channel-opacity\"\/>\n\n\n\n<h3 class=\"wp-block-heading\">8. Contact<\/h3>\n\n\n\n<p class=\"translation-block\">For any questions related to this privacy policy, you can contact :<br>\ud83d\udce7 contact@anelya-nutrition.com<\/p>\n<\/div><\/div>\n\n<\/div><\/div>\n\n\n<p><\/p>\n\n\n\n<p><\/p>","protected":false},"excerpt":{"rendered":"<p>1. Responsable du traitement Le site An\u00e9lya Nutrition est \u00e9dit\u00e9 par Annie Phongsavath responsable du traitement des donn\u00e9es personnelles collect\u00e9es via ce site. 2. Donn\u00e9es collect\u00e9es Lorsque vous remplissez un formulaire de contact sur le site, les informations suivantes peuvent \u00eatre collect\u00e9es : Ces donn\u00e9es ne sont utilis\u00e9es que pour r\u00e9pondre \u00e0 votre demande. 3&#8230;.<\/p>","protected":false},"author":1,"featured_media":0,"parent":0,"menu_order":0,"comment_status":"closed","ping_status":"open","template":"","meta":{"om_disable_all_campaigns":false,"_monsterinsights_skip_tracking":false,"_monsterinsights_sitenote_active":false,"_monsterinsights_sitenote_note":"","_monsterinsights_sitenote_category":0,"_kadence_starter_templates_imported_post":false,"_kad_post_transparent":"","_kad_post_title":"","_kad_post_layout":"","_kad_post_sidebar_id":"","_kad_post_content_style":"","_kad_post_vertical_padding":"","_kad_post_feature":"","_kad_post_feature_position":"","_kad_post_header":false,"_kad_post_footer":false,"footnotes":""},"class_list":["post-3","page","type-page","status-publish","hentry"],"aioseo_notices":[],"_links":{"self":[{"href":"https:\/\/anelya-nutrition.com\/en\/wp-json\/wp\/v2\/pages\/3","targetHints":{"allow":["GET"]}}],"collection":[{"href":"https:\/\/anelya-nutrition.com\/en\/wp-json\/wp\/v2\/pages"}],"about":[{"href":"https:\/\/anelya-nutrition.com\/en\/wp-json\/wp\/v2\/types\/page"}],"author":[{"embeddable":true,"href":"https:\/\/anelya-nutrition.com\/en\/wp-json\/wp\/v2\/users\/1"}],"replies":[{"embeddable":true,"href":"https:\/\/anelya-nutrition.com\/en\/wp-json\/wp\/v2\/comments?post=3"}],"version-history":[{"count":5,"href":"https:\/\/anelya-nutrition.com\/en\/wp-json\/wp\/v2\/pages\/3\/revisions"}],"predecessor-version":[{"id":2330,"href":"https:\/\/anelya-nutrition.com\/en\/wp-json\/wp\/v2\/pages\/3\/revisions\/2330"}],"wp:attachment":[{"href":"https:\/\/anelya-nutrition.com\/en\/wp-json\/wp\/v2\/media?parent=3"}],"curies":[{"name":"wp","href":"https:\/\/api.w.org\/{rel}","templated":true}]}}