{"id":2416,"date":"2025-07-10T06:53:14","date_gmt":"2025-07-10T04:53:14","guid":{"rendered":"https:\/\/anelya-nutrition.com\/?page_id=2416"},"modified":"2025-07-15T15:40:47","modified_gmt":"2025-07-15T13:40:47","slug":"mentions-legales","status":"publish","type":"page","link":"https:\/\/anelya-nutrition.com\/en\/mentions-legales\/","title":{"rendered":"Legal Notice"},"content":{"rendered":"<p><strong>Website Editor<\/strong><br>This website is published by:<br><strong>An\u00e9lya Nutrition<\/strong><br>Sole proprietorship \u2013 In the process of registration<br>Publication manager: Annie Phongsavath<br>Contact email : <a>contact@anelya-nutrition.com<\/a><\/p>\n\n\n\n<p><strong>Hosting<\/strong><br>The website is hosted by:<br><strong>Hostinger International Ltd<\/strong><br>61 Lordou Vironos Street, 6023 Larnaca, Chypre<br>Website : <a class=\"\" href=\"https:\/\/www.hostinger.fr\">https:\/\/www.hostinger.fr<\/a><\/p>\n\n\n\n<p><strong>Intellectual Property<\/strong><br>All content on this website (texts, images, graphic elements, logo) is the exclusive property of An\u00e9lya Nutrition.<br>Any reproduction, representation, distribution, or use, in whole or in part, is prohibited without prior written authorization.<\/p>\n\n\n\n<p><strong>Personal Data<\/strong><br>The data collected via the contact form is used solely to respond to your messages.<br>In accordance with the General Data Protection Regulation (GDPR), you have the right to access, rectify, or delete your data.<br>You can exercise these rights by sending an email to : <a>contact@anelya-nutrition.com<\/a><\/p>\n\n\n\n<p><strong>Cookies<\/strong><br>This website may use cookies for audience measurement purposes.\nYou can accept or decline their use via the dedicated banner.<\/p>\n\n\n\n<p><strong>Liability<\/strong><br>An\u00e9lya Nutrition cannot be held responsible for any errors or omissions in the content of the site, or for any interruptions or malfunctions.<\/p>\n\n\n\n<p><\/p>","protected":false},"excerpt":{"rendered":"<p>\u00c9diteur du siteCe site est \u00e9dit\u00e9 par :An\u00e9lya NutritionEntreprise individuelle \u2013 En cours d\u2019immatriculationResponsable de la publication : Annie PhongsavathEmail de contact : contact@anelya-nutrition.com H\u00e9bergementLe site est h\u00e9berg\u00e9 par :Hostinger International Ltd61 Lordou Vironos Street, 6023 Larnaca, ChypreSite : https:\/\/www.hostinger.fr Propri\u00e9t\u00e9 intellectuelleL\u2019ensemble des contenus pr\u00e9sents sur le site (textes, images, \u00e9l\u00e9ments graphiques, logo) sont la&#8230;<\/p>","protected":false},"author":1,"featured_media":0,"parent":0,"menu_order":0,"comment_status":"closed","ping_status":"closed","template":"","meta":{"om_disable_all_campaigns":false,"_monsterinsights_skip_tracking":false,"_monsterinsights_sitenote_active":false,"_monsterinsights_sitenote_note":"","_monsterinsights_sitenote_category":0,"_kadence_starter_templates_imported_post":false,"_kad_post_transparent":"","_kad_post_title":"","_kad_post_layout":"","_kad_post_sidebar_id":"","_kad_post_content_style":"","_kad_post_vertical_padding":"","_kad_post_feature":"","_kad_post_feature_position":"","_kad_post_header":false,"_kad_post_footer":false,"footnotes":""},"class_list":["post-2416","page","type-page","status-publish","hentry"],"aioseo_notices":[],"_links":{"self":[{"href":"https:\/\/anelya-nutrition.com\/en\/wp-json\/wp\/v2\/pages\/2416","targetHints":{"allow":["GET"]}}],"collection":[{"href":"https:\/\/anelya-nutrition.com\/en\/wp-json\/wp\/v2\/pages"}],"about":[{"href":"https:\/\/anelya-nutrition.com\/en\/wp-json\/wp\/v2\/types\/page"}],"author":[{"embeddable":true,"href":"https:\/\/anelya-nutrition.com\/en\/wp-json\/wp\/v2\/users\/1"}],"replies":[{"embeddable":true,"href":"https:\/\/anelya-nutrition.com\/en\/wp-json\/wp\/v2\/comments?post=2416"}],"version-history":[{"count":2,"href":"https:\/\/anelya-nutrition.com\/en\/wp-json\/wp\/v2\/pages\/2416\/revisions"}],"predecessor-version":[{"id":2418,"href":"https:\/\/anelya-nutrition.com\/en\/wp-json\/wp\/v2\/pages\/2416\/revisions\/2418"}],"wp:attachment":[{"href":"https:\/\/anelya-nutrition.com\/en\/wp-json\/wp\/v2\/media?parent=2416"}],"curies":[{"name":"wp","href":"https:\/\/api.w.org\/{rel}","templated":true}]}}